{"id":1104,"date":"2025-10-08T13:47:42","date_gmt":"2025-10-08T13:47:42","guid":{"rendered":"https:\/\/www.lmlo.lt\/kieno-pareiga\/?page_id=1104"},"modified":"2025-10-13T15:55:37","modified_gmt":"2025-10-13T15:55:37","slug":"tinklalaide","status":"publish","type":"page","link":"https:\/\/www.lmlo.lt\/kieno-pareiga\/tinklalaide\/","title":{"rendered":"Tinklalaid\u0117"},"content":{"rendered":"\t\t<div data-elementor-type=\"wp-page\" data-elementor-id=\"1104\" class=\"elementor elementor-1104\" data-elementor-post-type=\"page\">\n\t\t\t\t<div class=\"elementor-element elementor-element-f727b48 e-con-full e-flex e-con e-parent\" data-id=\"f727b48\" data-element_type=\"container\" data-e-type=\"container\" data-settings=\"{&quot;background_background&quot;:&quot;classic&quot;}\">\n\t\t<div class=\"elementor-element elementor-element-a562c0b e-flex e-con-boxed e-con e-child\" data-id=\"a562c0b\" data-element_type=\"container\" data-e-type=\"container\" data-settings=\"{&quot;background_background&quot;:&quot;classic&quot;}\">\n\t\t\t\t\t<div class=\"e-con-inner\">\n\t\t<div class=\"elementor-element elementor-element-74054c4 e-flex e-con-boxed e-con e-child\" data-id=\"74054c4\" data-element_type=\"container\" data-e-type=\"container\" data-settings=\"{&quot;background_background&quot;:&quot;classic&quot;}\">\n\t\t\t\t\t<div class=\"e-con-inner\">\n\t\t<div class=\"elementor-element elementor-element-e6907a6 e-flex e-con-boxed e-con e-child\" data-id=\"e6907a6\" data-element_type=\"container\" data-e-type=\"container\">\n\t\t\t\t\t<div class=\"e-con-inner\">\n\t\t\t\t<div class=\"elementor-element elementor-element-32cf6b4 elementor-widget__width-initial elementor-widget elementor-widget-heading\" data-id=\"32cf6b4\" data-element_type=\"widget\" data-e-type=\"widget\" data-widget_type=\"heading.default\">\n\t\t\t\t\t<h1 class=\"elementor-heading-title elementor-size-default\">Tinkalaid\u0117<span><\/span><\/h1>\t\t\t\t<\/div>\n\t\t\t\t<div class=\"elementor-element elementor-element-7f8ca15 elementor-absolute elementor-widget elementor-widget-image\" data-id=\"7f8ca15\" data-element_type=\"widget\" data-e-type=\"widget\" data-settings=\"{&quot;_position&quot;:&quot;absolute&quot;}\" data-widget_type=\"image.default\">\n\t\t\t\t\t\t\t\t\t\t\t\t\t\t\t\t<a href=\"#problematika\">\n\t\t\t\t\t\t\t<img decoding=\"async\" width=\"65\" height=\"64\" src=\"https:\/\/www.lmlo.lt\/kieno-pareiga\/wp-content\/uploads\/2024\/09\/More.svg\" class=\"attachment-large size-large wp-image-753\" alt=\"\" \/>\t\t\t\t\t\t\t\t<\/a>\n\t\t\t\t\t\t\t\t\t\t\t\t\t\t\t<\/div>\n\t\t\t\t<div class=\"elementor-element elementor-element-2b0fa8a elementor-absolute elementor-widget elementor-widget-image\" data-id=\"2b0fa8a\" data-element_type=\"widget\" data-e-type=\"widget\" data-settings=\"{&quot;_position&quot;:&quot;absolute&quot;}\" data-widget_type=\"image.default\">\n\t\t\t\t\t\t\t\t\t\t\t\t\t\t\t<img decoding=\"async\" width=\"41\" height=\"41\" src=\"https:\/\/www.lmlo.lt\/kieno-pareiga\/wp-content\/uploads\/2024\/09\/v4.svg\" class=\"attachment-large size-large wp-image-752\" alt=\"\" \/>\t\t\t\t\t\t\t\t\t\t\t\t\t\t\t<\/div>\n\t\t\t\t<div class=\"elementor-element elementor-element-b9aeac6 elementor-absolute elementor-widget elementor-widget-image\" data-id=\"b9aeac6\" data-element_type=\"widget\" data-e-type=\"widget\" data-settings=\"{&quot;_position&quot;:&quot;absolute&quot;}\" data-widget_type=\"image.default\">\n\t\t\t\t\t\t\t\t\t\t\t\t\t\t\t<img decoding=\"async\" width=\"41\" height=\"41\" src=\"https:\/\/www.lmlo.lt\/kieno-pareiga\/wp-content\/uploads\/2024\/09\/v3.svg\" class=\"attachment-large size-large wp-image-751\" alt=\"\" \/>\t\t\t\t\t\t\t\t\t\t\t\t\t\t\t<\/div>\n\t\t\t\t<div class=\"elementor-element elementor-element-264e90b elementor-absolute elementor-widget elementor-widget-image\" data-id=\"264e90b\" data-element_type=\"widget\" data-e-type=\"widget\" data-settings=\"{&quot;_position&quot;:&quot;absolute&quot;}\" data-widget_type=\"image.default\">\n\t\t\t\t\t\t\t\t\t\t\t\t\t\t\t<img decoding=\"async\" width=\"41\" height=\"41\" src=\"https:\/\/www.lmlo.lt\/kieno-pareiga\/wp-content\/uploads\/2024\/09\/v2.svg\" class=\"attachment-large size-large wp-image-750\" alt=\"\" \/>\t\t\t\t\t\t\t\t\t\t\t\t\t\t\t<\/div>\n\t\t\t\t<div class=\"elementor-element elementor-element-b19f62b elementor-absolute elementor-widget elementor-widget-image\" data-id=\"b19f62b\" data-element_type=\"widget\" data-e-type=\"widget\" data-settings=\"{&quot;_position&quot;:&quot;absolute&quot;}\" data-widget_type=\"image.default\">\n\t\t\t\t\t\t\t\t\t\t\t\t\t\t\t<img decoding=\"async\" width=\"41\" height=\"41\" src=\"https:\/\/www.lmlo.lt\/kieno-pareiga\/wp-content\/uploads\/2024\/09\/v1.svg\" class=\"attachment-large size-large wp-image-749\" alt=\"\" \/>\t\t\t\t\t\t\t\t\t\t\t\t\t\t\t<\/div>\n\t\t\t\t\t<\/div>\n\t\t\t\t<\/div>\n\t\t\t\t\t<\/div>\n\t\t\t\t<\/div>\n\t\t\t\t\t<\/div>\n\t\t\t\t<\/div>\n\t\t\t\t<\/div>\n\t\t<div class=\"elementor-element elementor-element-e00b709 e-flex e-con-boxed e-con e-parent\" data-id=\"e00b709\" data-element_type=\"container\" data-e-type=\"container\" data-settings=\"{&quot;background_background&quot;:&quot;classic&quot;}\">\n\t\t\t\t\t<div class=\"e-con-inner\">\n\t\t<div class=\"elementor-element elementor-element-32ed6a5 e-flex e-con-boxed e-con e-child\" data-id=\"32ed6a5\" data-element_type=\"container\" data-e-type=\"container\">\n\t\t\t\t\t<div class=\"e-con-inner\">\n\t\t\t\t<div class=\"elementor-element elementor-element-183131c elementor-widget elementor-widget-html\" data-id=\"183131c\" data-element_type=\"widget\" data-e-type=\"widget\" data-widget_type=\"html.default\">\n\t\t\t\t\t<div id=\"buzzsprout-player-17898563\"><\/div>\n\t\t\t\t <script src=\"https:\/\/www.buzzsprout.com\/2504962\/17898563.js?container_id=buzzsprout-player-17898563&amp;player=small\" type=\"text\/javascript\" charset=\"utf-8\"><\/script>\n\n<div id=\"buzzsprout-player-17698837\"><\/div>\n\t\t\t\t <script src=\"https:\/\/www.buzzsprout.com\/2504962\/17698837.js?container_id=buzzsprout-player-17698837&amp;player=small\" type=\"text\/javascript\" charset=\"utf-8\"><\/script>\n\n<div id=\"buzzsprout-player-17421613\"><\/div>\n\t\t\t\t <script src=\"https:\/\/www.buzzsprout.com\/2504962\/17421613.js?container_id=buzzsprout-player-17421613&amp;player=small\" type=\"text\/javascript\" charset=\"utf-8\"><\/script>\n\n<div id=\"buzzsprout-player-17213973\"><\/div>\n\t\t\t\t <script src=\"https:\/\/www.buzzsprout.com\/2504962\/17213973.js?container_id=buzzsprout-player-17213973&amp;player=small\" type=\"text\/javascript\" charset=\"utf-8\"><\/script>\n\n<div id=\"buzzsprout-player-17253106\"><\/div>\n\t\t\t\t <script src=\"https:\/\/www.buzzsprout.com\/2504962\/17253106.js?container_id=buzzsprout-player-17253106&amp;player=small\" type=\"text\/javascript\" charset=\"utf-8\"><\/script>\t\t\t\t<\/div>\n\t\t\t\t\t<\/div>\n\t\t\t\t<\/div>\n\t\t\t\t\t<\/div>\n\t\t\t\t<\/div>\n\t\t<div class=\"elementor-element elementor-element-df06292 e-flex e-con-boxed e-con e-parent\" data-id=\"df06292\" data-element_type=\"container\" data-e-type=\"container\" data-settings=\"{&quot;background_background&quot;:&quot;classic&quot;}\">\n\t\t\t\t\t<div class=\"e-con-inner\">\n\t\t<div class=\"elementor-element elementor-element-d0f1ee4 e-flex e-con-boxed e-con e-child\" data-id=\"d0f1ee4\" data-element_type=\"container\" data-e-type=\"container\">\n\t\t\t\t\t<div class=\"e-con-inner\">\n\t\t\t\t<div class=\"elementor-element elementor-element-19b7c82 elementor-widget elementor-widget-html\" data-id=\"19b7c82\" data-element_type=\"widget\" data-e-type=\"widget\" data-widget_type=\"html.default\">\n\t\t\t\t\t<iframe data-testid=\"embed-iframe\" style=\"border-radius:12px\" src=\"https:\/\/open.spotify.com\/embed\/episode\/4PJCaPMvloSULwL29Gl0KU?utm_source=generator\" width=\"100%\" height=\"352\" frameBorder=\"0\" allowfullscreen=\"\" allow=\"autoplay; clipboard-write; encrypted-media; fullscreen; picture-in-picture\" loading=\"lazy\"><\/iframe>\t\t\t\t<\/div>\n\t\t\t\t\t<\/div>\n\t\t\t\t<\/div>\n\t\t\t\t\t<\/div>\n\t\t\t\t<\/div>\n\t\t<div class=\"elementor-element elementor-element-78c9d30 e-flex e-con-boxed e-con e-parent\" data-id=\"78c9d30\" data-element_type=\"container\" data-e-type=\"container\" data-settings=\"{&quot;background_background&quot;:&quot;classic&quot;}\">\n\t\t\t\t\t<div class=\"e-con-inner\">\n\t\t<div class=\"elementor-element elementor-element-7ef6e50 e-flex e-con-boxed e-con e-child\" data-id=\"7ef6e50\" data-element_type=\"container\" data-e-type=\"container\">\n\t\t\t\t\t<div class=\"e-con-inner\">\n\t\t\t\t<div class=\"elementor-element elementor-element-c41ec07 elementor-widget elementor-widget-video\" data-id=\"c41ec07\" data-element_type=\"widget\" data-e-type=\"widget\" data-settings=\"{&quot;youtube_url&quot;:&quot;https:\\\/\\\/www.youtube.com\\\/watch?v=Qh9HhqBAqOA&quot;,&quot;video_type&quot;:&quot;youtube&quot;,&quot;controls&quot;:&quot;yes&quot;}\" data-widget_type=\"video.default\">\n\t\t\t\t\t\t\t<div class=\"elementor-wrapper elementor-open-inline\">\n\t\t\t<div class=\"elementor-video\"><\/div>\t\t<\/div>\n\t\t\t\t\t\t<\/div>\n\t\t\t\t\t<\/div>\n\t\t\t\t<\/div>\n\t\t\t\t\t<\/div>\n\t\t\t\t<\/div>\n\t\t<div class=\"elementor-element elementor-element-b461924 e-flex e-con-boxed e-con e-parent\" data-id=\"b461924\" data-element_type=\"container\" data-e-type=\"container\" data-settings=\"{&quot;background_background&quot;:&quot;classic&quot;}\">\n\t\t\t\t\t<div class=\"e-con-inner\">\n\t\t<div class=\"elementor-element elementor-element-3accd87 e-flex e-con-boxed e-con e-child\" data-id=\"3accd87\" data-element_type=\"container\" data-e-type=\"container\" data-settings=\"{&quot;background_background&quot;:&quot;classic&quot;}\">\n\t\t\t\t\t<div class=\"e-con-inner\">\n\t\t<div class=\"elementor-element elementor-element-1d80672 e-con-full elementor-hidden-mobile e-flex e-con e-child\" data-id=\"1d80672\" data-element_type=\"container\" data-e-type=\"container\">\n\t\t\t\t<\/div>\n\t\t<div class=\"elementor-element elementor-element-ef1ddb1 e-con-full e-flex e-con e-child\" data-id=\"ef1ddb1\" data-element_type=\"container\" data-e-type=\"container\">\n\t\t\t\t<div class=\"elementor-element elementor-element-95620a0 elementor-widget elementor-widget-heading\" data-id=\"95620a0\" data-element_type=\"widget\" data-e-type=\"widget\" data-widget_type=\"heading.default\">\n\t\t\t\t\t<span class=\"elementor-heading-title elementor-size-default\">Daugiau informacijos apie projekto veiklas<\/span>\t\t\t\t<\/div>\n\t\t\t\t<div class=\"elementor-element elementor-element-ebe999a elementor-widget elementor-widget-text-editor\" data-id=\"ebe999a\" data-element_type=\"widget\" data-e-type=\"widget\" id=\"zalia\" data-widget_type=\"text-editor.default\">\n\t\t\t\t\t\t\t\t\t<p>El. pa\u0161tu: <a href=\"mailto:info@lmlo.lt\" target=\"_blank\" rel=\"noopener\">info@lmlo.lt<\/a><br \/>Socialiniuose tinkluose: <a href=\"https:\/\/www.facebook.com\/LietuvosMoteruLobistineOrganizacija\" target=\"_blank\" rel=\"noopener\">Lietuvos moter\u0173 lobistin\u0117 organizacija<\/a><\/p>\t\t\t\t\t\t\t\t<\/div>\n\t\t\t\t<\/div>\n\t\t\t\t<div class=\"elementor-element elementor-element-b325f96 elementor-absolute elementor-widget elementor-widget-image\" data-id=\"b325f96\" data-element_type=\"widget\" data-e-type=\"widget\" data-settings=\"{&quot;_position&quot;:&quot;absolute&quot;}\" data-widget_type=\"image.default\">\n\t\t\t\t\t\t\t\t\t\t\t\t\t\t\t<img decoding=\"async\" width=\"156\" height=\"156\" src=\"https:\/\/www.lmlo.lt\/kieno-pareiga\/wp-content\/uploads\/2024\/09\/Group-29.svg\" class=\"attachment-large size-large wp-image-583\" alt=\"\" \/>\t\t\t\t\t\t\t\t\t\t\t\t\t\t\t<\/div>\n\t\t\t\t\t<\/div>\n\t\t\t\t<\/div>\n\t\t\t\t\t<\/div>\n\t\t\t\t<\/div>\n\t\t\t\t<\/div>\n\t\t","protected":false},"excerpt":{"rendered":"<p>Tinkalaid\u0117 https:\/\/www.youtube.com\/watch?v=Qh9HhqBAqOA Daugiau informacijos apie projekto veiklas El. pa\u0161tu: info@lmlo.ltSocialiniuose tinkluose: Lietuvos moter\u0173 lobistin\u0117 organizacija<\/p>\n","protected":false},"author":2,"featured_media":0,"parent":0,"menu_order":0,"comment_status":"closed","ping_status":"closed","template":"elementor_header_footer","meta":{"_acf_changed":false,"footnotes":""},"class_list":["post-1104","page","type-page","status-publish","hentry"],"acf":[],"_links":{"self":[{"href":"https:\/\/www.lmlo.lt\/kieno-pareiga\/wp-json\/wp\/v2\/pages\/1104","targetHints":{"allow":["GET"]}}],"collection":[{"href":"https:\/\/www.lmlo.lt\/kieno-pareiga\/wp-json\/wp\/v2\/pages"}],"about":[{"href":"https:\/\/www.lmlo.lt\/kieno-pareiga\/wp-json\/wp\/v2\/types\/page"}],"author":[{"embeddable":true,"href":"https:\/\/www.lmlo.lt\/kieno-pareiga\/wp-json\/wp\/v2\/users\/2"}],"replies":[{"embeddable":true,"href":"https:\/\/www.lmlo.lt\/kieno-pareiga\/wp-json\/wp\/v2\/comments?post=1104"}],"version-history":[{"count":14,"href":"https:\/\/www.lmlo.lt\/kieno-pareiga\/wp-json\/wp\/v2\/pages\/1104\/revisions"}],"predecessor-version":[{"id":1121,"href":"https:\/\/www.lmlo.lt\/kieno-pareiga\/wp-json\/wp\/v2\/pages\/1104\/revisions\/1121"}],"wp:attachment":[{"href":"https:\/\/www.lmlo.lt\/kieno-pareiga\/wp-json\/wp\/v2\/media?parent=1104"}],"curies":[{"name":"wp","href":"https:\/\/api.w.org\/{rel}","templated":true}]}}