{"id":1184,"date":"2025-11-19T18:43:59","date_gmt":"2025-11-19T18:43:59","guid":{"rendered":"https:\/\/www.lmlo.lt\/kieno-pareiga\/?page_id=1184"},"modified":"2025-11-19T21:17:02","modified_gmt":"2025-11-19T21:17:02","slug":"nacionalinis-reprezentatyvus-lietuvos-gyventoju-nuomones-tyrimas-nemokamas-darbas-namuose","status":"publish","type":"page","link":"https:\/\/www.lmlo.lt\/kieno-pareiga\/projekto-rezultatai\/nacionalinis-reprezentatyvus-lietuvos-gyventoju-nuomones-tyrimas-nemokamas-darbas-namuose\/","title":{"rendered":"Nacionalinis reprezentatyvus Lietuvos gyventoj\u0173 nuomon\u0117s tyrimas \u201eNemokamas darbas namuose\u201d"},"content":{"rendered":"\t\t<div data-elementor-type=\"wp-page\" data-elementor-id=\"1184\" class=\"elementor elementor-1184\" data-elementor-post-type=\"page\">\n\t\t\t\t<div class=\"elementor-element elementor-element-cfd0508 e-con-full e-flex e-con e-parent\" data-id=\"cfd0508\" data-element_type=\"container\" data-e-type=\"container\" data-settings=\"{&quot;background_background&quot;:&quot;classic&quot;}\">\n\t\t<div class=\"elementor-element elementor-element-9689e1b e-flex e-con-boxed e-con e-child\" data-id=\"9689e1b\" data-element_type=\"container\" data-e-type=\"container\" data-settings=\"{&quot;background_background&quot;:&quot;classic&quot;}\">\n\t\t\t\t\t<div class=\"e-con-inner\">\n\t\t<div class=\"elementor-element elementor-element-82c171b e-flex e-con-boxed e-con e-child\" data-id=\"82c171b\" data-element_type=\"container\" data-e-type=\"container\" data-settings=\"{&quot;background_background&quot;:&quot;classic&quot;}\">\n\t\t\t\t\t<div class=\"e-con-inner\">\n\t\t<div class=\"elementor-element elementor-element-07e5e42 e-con-full e-flex e-con e-child\" data-id=\"07e5e42\" data-element_type=\"container\" data-e-type=\"container\">\n\t\t\t\t<div class=\"elementor-element elementor-element-294f395 elementor-widget__width-initial elementor-widget elementor-widget-heading\" data-id=\"294f395\" data-element_type=\"widget\" data-e-type=\"widget\" data-widget_type=\"heading.default\">\n\t\t\t\t\t<h1 class=\"elementor-heading-title elementor-size-default\">Nacionalinis reprezentatyvus Lietuvos gyventoj\u0173 nuomon\u0117s tyrimas \u201eNemokamas darbas namuose\u201d<\/h1>\t\t\t\t<\/div>\n\t\t\t\t<div class=\"elementor-element elementor-element-80d4355 elementor-widget elementor-widget-text-editor\" data-id=\"80d4355\" data-element_type=\"widget\" data-e-type=\"widget\" data-widget_type=\"text-editor.default\">\n\t\t\t\t\t\t\t\t\t<p>Tyrimas pristato 2024 m. atlikt\u0105 nacionalin\u0119 reprezentatyvi\u0105 Lietuvos gyventoj\u0173 apklaus\u0105 apie nemokamo darbo namuose ir prie\u017ei\u016bros pareig\u0173 pasiskirstym\u0105. Analiz\u0117 atskleid\u017eia, kaip moterys ir vyrai dalijasi kasdieniais nam\u0173 \u016bkio ir prie\u017ei\u016bros darbais, kokias pagalbos formas jie naudoja ir kaip tai veikia j\u0173 darbo bei asmenin\u012f gyvenim\u0105. Rezultatai suteikia nauj\u0173 fakt\u0173, reikaling\u0173 ly\u010di\u0173 lygyb\u0117s politikos ir socialin\u0117s pagalbos priemoni\u0173 tobulinimui. Tyrimas atliktas 2024 m. \u012fgyvendinant projekt\u0105 &#8222;Moter\u0173 ir vyr\u0173 prie\u017ei\u016bros pareig\u0173 skirtumo ma\u017einimas&#8221;.<\/p>\t\t\t\t\t\t\t\t<\/div>\n\t\t\t\t<\/div>\n\t\t<div class=\"elementor-element elementor-element-5bba6de e-con-full elementor-hidden-mobile e-flex e-con e-child\" data-id=\"5bba6de\" data-element_type=\"container\" data-e-type=\"container\">\n\t\t\t\t<\/div>\n\t\t\t\t\t<\/div>\n\t\t\t\t<\/div>\n\t\t\t\t\t<\/div>\n\t\t\t\t<\/div>\n\t\t\t\t<\/div>\n\t\t<div class=\"elementor-element elementor-element-c937bc9 e-flex e-con-boxed e-con e-parent\" data-id=\"c937bc9\" data-element_type=\"container\" data-e-type=\"container\" data-settings=\"{&quot;background_background&quot;:&quot;classic&quot;}\">\n\t\t\t\t\t<div class=\"e-con-inner\">\n\t\t<div class=\"elementor-element elementor-element-e3e06cf e-flex e-con-boxed e-con e-child\" data-id=\"e3e06cf\" data-element_type=\"container\" data-e-type=\"container\">\n\t\t\t\t\t<div class=\"e-con-inner\">\n\t\t<div class=\"elementor-element elementor-element-c99465c e-con-full e-flex e-con e-child\" data-id=\"c99465c\" data-element_type=\"container\" data-e-type=\"container\">\n\t\t\t\t<div class=\"elementor-element elementor-element-79259ab elementor-widget elementor-widget-image\" data-id=\"79259ab\" data-element_type=\"widget\" data-e-type=\"widget\" data-widget_type=\"image.default\">\n\t\t\t\t\t\t\t\t\t\t\t\t\t\t\t<img decoding=\"async\" width=\"724\" height=\"2048\" src=\"https:\/\/www.lmlo.lt\/kieno-pareiga\/wp-content\/uploads\/2024\/12\/kieno-pareiga-2-724x2048.jpg\" class=\"attachment-2048x2048 size-2048x2048 wp-image-1041\" alt=\"\" srcset=\"https:\/\/www.lmlo.lt\/kieno-pareiga\/wp-content\/uploads\/2024\/12\/kieno-pareiga-2-724x2048.jpg 724w, https:\/\/www.lmlo.lt\/kieno-pareiga\/wp-content\/uploads\/2024\/12\/kieno-pareiga-2-106x300.jpg 106w, https:\/\/www.lmlo.lt\/kieno-pareiga\/wp-content\/uploads\/2024\/12\/kieno-pareiga-2-362x1024.jpg 362w, https:\/\/www.lmlo.lt\/kieno-pareiga\/wp-content\/uploads\/2024\/12\/kieno-pareiga-2-768x2172.jpg 768w, https:\/\/www.lmlo.lt\/kieno-pareiga\/wp-content\/uploads\/2024\/12\/kieno-pareiga-2-543x1536.jpg 543w, https:\/\/www.lmlo.lt\/kieno-pareiga\/wp-content\/uploads\/2024\/12\/kieno-pareiga-2.jpg 893w\" sizes=\"(max-width: 724px) 100vw, 724px\" \/>\t\t\t\t\t\t\t\t\t\t\t\t\t\t\t<\/div>\n\t\t\t\t<div class=\"elementor-element elementor-element-2ba374c elementor-align-center elementor-widget elementor-widget-button\" data-id=\"2ba374c\" data-element_type=\"widget\" data-e-type=\"widget\" data-widget_type=\"button.default\">\n\t\t\t\t\t\t\t\t\t\t<a class=\"elementor-button elementor-button-link elementor-size-sm\" href=\"https:\/\/www.lmlo.lt\/kieno-pareiga\/wp-content\/uploads\/2024\/12\/kieno-pareiga-1.pdf\" target=\"_blank\">\n\t\t\t\t\t\t<span class=\"elementor-button-content-wrapper\">\n\t\t\t\t\t\t\t\t\t<span class=\"elementor-button-text\">Atsisi\u0173sti<\/span>\n\t\t\t\t\t<\/span>\n\t\t\t\t\t<\/a>\n\t\t\t\t\t\t\t\t<\/div>\n\t\t\t\t<\/div>\n\t\t\t\t\t<\/div>\n\t\t\t\t<\/div>\n\t\t\t\t\t<\/div>\n\t\t\t\t<\/div>\n\t\t<div class=\"elementor-element elementor-element-0a470c1 e-flex e-con-boxed e-con e-parent\" data-id=\"0a470c1\" data-element_type=\"container\" data-e-type=\"container\" data-settings=\"{&quot;background_background&quot;:&quot;classic&quot;}\">\n\t\t\t\t\t<div class=\"e-con-inner\">\n\t\t<div class=\"elementor-element elementor-element-1b75ad4 e-flex e-con-boxed e-con e-child\" data-id=\"1b75ad4\" data-element_type=\"container\" data-e-type=\"container\">\n\t\t\t\t\t<div class=\"e-con-inner\">\n\t\t<div class=\"elementor-element elementor-element-c30be3a e-con-full e-flex e-con e-child\" data-id=\"c30be3a\" data-element_type=\"container\" data-e-type=\"container\">\n\t\t\t\t<div class=\"elementor-element elementor-element-68bac9d elementor-widget elementor-widget-text-editor\" data-id=\"68bac9d\" data-element_type=\"widget\" data-e-type=\"widget\" data-widget_type=\"text-editor.default\">\n\t\t\t\t\t\t\t\t\t<a href=\"https:\/\/www.lmlo.lt\/kieno-pareiga\/wp-content\/uploads\/2024\/12\/Nacionalinio-reprezentatyvaus-Lietuvos-gyventoju-nuomones-tyrimo-ataskaita.pdf\" class=\"pdfemb-viewer\" style=\"\" data-width=\"max\" data-height=\"max\" data-toolbar=\"bottom\" data-toolbar-fixed=\"off\">Nacionalinio-reprezentatyvaus-Lietuvos-gyventoju-nuomones-tyrimo-ataskaita<\/a>\t\t\t\t\t\t\t\t<\/div>\n\t\t\t\t<div class=\"elementor-element elementor-element-b68ccf3 elementor-align-center elementor-widget elementor-widget-button\" data-id=\"b68ccf3\" data-element_type=\"widget\" data-e-type=\"widget\" data-widget_type=\"button.default\">\n\t\t\t\t\t\t\t\t\t\t<a class=\"elementor-button elementor-button-link elementor-size-sm\" href=\"https:\/\/www.lmlo.lt\/kieno-pareiga\/wp-content\/uploads\/2024\/12\/Nacionalinio-reprezentatyvaus-Lietuvos-gyventoju-nuomones-tyrimo-ataskaita.pdf\" target=\"_blank\">\n\t\t\t\t\t\t<span class=\"elementor-button-content-wrapper\">\n\t\t\t\t\t\t\t\t\t<span class=\"elementor-button-text\">Atsisi\u0173sti<\/span>\n\t\t\t\t\t<\/span>\n\t\t\t\t\t<\/a>\n\t\t\t\t\t\t\t\t<\/div>\n\t\t\t\t<\/div>\n\t\t\t\t\t<\/div>\n\t\t\t\t<\/div>\n\t\t\t\t\t<\/div>\n\t\t\t\t<\/div>\n\t\t\t\t<\/div>\n\t\t","protected":false},"excerpt":{"rendered":"<p>Tyrimas pristato 2024 m. atlikt\u0105 nacionalin\u0119 reprezentatyvi\u0105 Lietuvos gyventoj\u0173 apklaus\u0105 apie nemokamo darbo namuose ir prie\u017ei\u016bros pareig\u0173 pasiskirstym\u0105. Analiz\u0117 atskleid\u017eia, kaip moterys ir vyrai dalijasi kasdieniais nam\u0173 \u016bkio ir prie\u017ei\u016bros darbais, kokias pagalbos formas jie naudoja ir kaip tai veikia j\u0173 darbo bei asmenin\u012f gyvenim\u0105. Rezultatai suteikia nauj\u0173 fakt\u0173, reikaling\u0173 ly\u010di\u0173 lygyb\u0117s politikos ir socialin\u0117s [&hellip;]<\/p>\n","protected":false},"author":2,"featured_media":0,"parent":1176,"menu_order":0,"comment_status":"closed","ping_status":"closed","template":"elementor_header_footer","meta":{"_acf_changed":false,"footnotes":""},"class_list":["post-1184","page","type-page","status-publish","hentry"],"acf":[],"_links":{"self":[{"href":"https:\/\/www.lmlo.lt\/kieno-pareiga\/wp-json\/wp\/v2\/pages\/1184","targetHints":{"allow":["GET"]}}],"collection":[{"href":"https:\/\/www.lmlo.lt\/kieno-pareiga\/wp-json\/wp\/v2\/pages"}],"about":[{"href":"https:\/\/www.lmlo.lt\/kieno-pareiga\/wp-json\/wp\/v2\/types\/page"}],"author":[{"embeddable":true,"href":"https:\/\/www.lmlo.lt\/kieno-pareiga\/wp-json\/wp\/v2\/users\/2"}],"replies":[{"embeddable":true,"href":"https:\/\/www.lmlo.lt\/kieno-pareiga\/wp-json\/wp\/v2\/comments?post=1184"}],"version-history":[{"count":29,"href":"https:\/\/www.lmlo.lt\/kieno-pareiga\/wp-json\/wp\/v2\/pages\/1184\/revisions"}],"predecessor-version":[{"id":1228,"href":"https:\/\/www.lmlo.lt\/kieno-pareiga\/wp-json\/wp\/v2\/pages\/1184\/revisions\/1228"}],"up":[{"embeddable":true,"href":"https:\/\/www.lmlo.lt\/kieno-pareiga\/wp-json\/wp\/v2\/pages\/1176"}],"wp:attachment":[{"href":"https:\/\/www.lmlo.lt\/kieno-pareiga\/wp-json\/wp\/v2\/media?parent=1184"}],"curies":[{"name":"wp","href":"https:\/\/api.w.org\/{rel}","templated":true}]}}