{"id":1234,"date":"2025-11-19T21:21:43","date_gmt":"2025-11-19T21:21:43","guid":{"rendered":"https:\/\/www.lmlo.lt\/kieno-pareiga\/?page_id=1234"},"modified":"2025-11-19T21:23:55","modified_gmt":"2025-11-19T21:23:55","slug":"pasiulymai-del-moteru-nemokamo-prieziuros-darbo-namuose-sprendimo-budu","status":"publish","type":"page","link":"https:\/\/www.lmlo.lt\/kieno-pareiga\/projekto-rezultatai\/pasiulymai-del-moteru-nemokamo-prieziuros-darbo-namuose-sprendimo-budu\/","title":{"rendered":"Pasi\u016blymai d\u0117l moter\u0173 nemokamo prie\u017ei\u016bros darbo namuose sprendimo b\u016bd\u0173"},"content":{"rendered":"\t\t<div data-elementor-type=\"wp-page\" data-elementor-id=\"1234\" class=\"elementor elementor-1234\" data-elementor-post-type=\"page\">\n\t\t\t\t<div class=\"elementor-element elementor-element-cfd0508 e-con-full e-flex e-con e-parent\" data-id=\"cfd0508\" data-element_type=\"container\" data-e-type=\"container\" data-settings=\"{&quot;background_background&quot;:&quot;classic&quot;}\">\n\t\t<div class=\"elementor-element elementor-element-9689e1b e-flex e-con-boxed e-con e-child\" data-id=\"9689e1b\" data-element_type=\"container\" data-e-type=\"container\" data-settings=\"{&quot;background_background&quot;:&quot;classic&quot;}\">\n\t\t\t\t\t<div class=\"e-con-inner\">\n\t\t<div class=\"elementor-element elementor-element-82c171b e-flex e-con-boxed e-con e-child\" data-id=\"82c171b\" data-element_type=\"container\" data-e-type=\"container\" data-settings=\"{&quot;background_background&quot;:&quot;classic&quot;}\">\n\t\t\t\t\t<div class=\"e-con-inner\">\n\t\t<div class=\"elementor-element elementor-element-07e5e42 e-con-full e-flex e-con e-child\" data-id=\"07e5e42\" data-element_type=\"container\" data-e-type=\"container\">\n\t\t\t\t<div class=\"elementor-element elementor-element-294f395 elementor-widget__width-initial elementor-widget elementor-widget-heading\" data-id=\"294f395\" data-element_type=\"widget\" data-e-type=\"widget\" data-widget_type=\"heading.default\">\n\t\t\t\t\t<h1 class=\"elementor-heading-title elementor-size-default\">Pasi\u016blymai d\u0117l moter\u0173 nemokamo prie\u017ei\u016bros darbo namuose sprendimo b\u016bd\u0173<\/h1>\t\t\t\t<\/div>\n\t\t\t\t<div class=\"elementor-element elementor-element-80d4355 elementor-widget elementor-widget-text-editor\" data-id=\"80d4355\" data-element_type=\"widget\" data-e-type=\"widget\" data-widget_type=\"text-editor.default\">\n\t\t\t\t\t\t\t\t\t<p>\u0160ie pasi\u016blymai apibendrina ilgalaik\u0119 moter\u0173 organizacij\u0173 patirt\u012f ir atlikt\u0173 tyrim\u0173 i\u0161vadas, siekiant ma\u017einti moter\u0173 nemokamo prie\u017ei\u016bros darbo na\u0161t\u0105 namuose. Dokumente pateikiamas kompleksas priemoni\u0173 &#8211; nuo visuomen\u0117s po\u017ei\u016brio kaitos ir segregacijos ma\u017einimo darbo rinkoje iki vie\u0161\u0173j\u0173 paslaug\u0173 prieinamumo gerinimo, skaitmenin\u0117s atskirties ma\u017einimo ir inovatyvi\u0173 sprendim\u0173 \u0161eimos bei darbo derinimui. Si\u016blymai skirti prisid\u0117ti prie tvaresn\u0117s, lygesn\u0117s ir socialiai teisingos prie\u017ei\u016bros sistemos Lietuvoje k\u016brimo. Si\u016blymai parengti 2024 m. \u012fgyvendinant projekt\u0105 &#8222;Moter\u0173 ir vyr\u0173 prie\u017ei\u016bros pareig\u0173 skirtumo ma\u017einimas&#8221;.<\/p>\t\t\t\t\t\t\t\t<\/div>\n\t\t\t\t<\/div>\n\t\t<div class=\"elementor-element elementor-element-5bba6de e-con-full elementor-hidden-mobile e-flex e-con e-child\" data-id=\"5bba6de\" data-element_type=\"container\" data-e-type=\"container\">\n\t\t\t\t<\/div>\n\t\t\t\t\t<\/div>\n\t\t\t\t<\/div>\n\t\t\t\t\t<\/div>\n\t\t\t\t<\/div>\n\t\t\t\t<\/div>\n\t\t<div class=\"elementor-element elementor-element-0a470c1 e-flex e-con-boxed e-con e-parent\" data-id=\"0a470c1\" data-element_type=\"container\" data-e-type=\"container\" data-settings=\"{&quot;background_background&quot;:&quot;classic&quot;}\">\n\t\t\t\t\t<div class=\"e-con-inner\">\n\t\t<div class=\"elementor-element elementor-element-1b75ad4 e-flex e-con-boxed e-con e-child\" data-id=\"1b75ad4\" data-element_type=\"container\" data-e-type=\"container\">\n\t\t\t\t\t<div class=\"e-con-inner\">\n\t\t<div class=\"elementor-element elementor-element-c30be3a e-con-full e-flex e-con e-child\" data-id=\"c30be3a\" data-element_type=\"container\" data-e-type=\"container\">\n\t\t\t\t<div class=\"elementor-element elementor-element-79887b8 elementor-widget elementor-widget-text-editor\" data-id=\"79887b8\" data-element_type=\"widget\" data-e-type=\"widget\" data-widget_type=\"text-editor.default\">\n\t\t\t\t\t\t\t\t\t<a href=\"https:\/\/www.lmlo.lt\/kieno-pareiga\/wp-content\/uploads\/2024\/12\/Siulymai.pdf\" class=\"pdfemb-viewer\" style=\"\" data-width=\"max\" data-height=\"max\" data-toolbar=\"bottom\" data-toolbar-fixed=\"off\">Siulymai<\/a>\t\t\t\t\t\t\t\t<\/div>\n\t\t\t\t<div class=\"elementor-element elementor-element-f119112 elementor-align-center elementor-widget elementor-widget-button\" data-id=\"f119112\" data-element_type=\"widget\" data-e-type=\"widget\" data-widget_type=\"button.default\">\n\t\t\t\t\t\t\t\t\t\t<a class=\"elementor-button elementor-button-link elementor-size-sm\" href=\"https:\/\/www.lmlo.lt\/kieno-pareiga\/wp-content\/uploads\/2024\/12\/Siulymai.pdf\" target=\"_blank\">\n\t\t\t\t\t\t<span class=\"elementor-button-content-wrapper\">\n\t\t\t\t\t\t\t\t\t<span class=\"elementor-button-text\">Atsisi\u0173sti<\/span>\n\t\t\t\t\t<\/span>\n\t\t\t\t\t<\/a>\n\t\t\t\t\t\t\t\t<\/div>\n\t\t\t\t<\/div>\n\t\t\t\t\t<\/div>\n\t\t\t\t<\/div>\n\t\t\t\t\t<\/div>\n\t\t\t\t<\/div>\n\t\t\t\t<\/div>\n\t\t","protected":false},"excerpt":{"rendered":"<p>\u0160ie pasi\u016blymai apibendrina ilgalaik\u0119 moter\u0173 organizacij\u0173 patirt\u012f ir atlikt\u0173 tyrim\u0173 i\u0161vadas, siekiant ma\u017einti moter\u0173 nemokamo prie\u017ei\u016bros darbo na\u0161t\u0105 namuose. Dokumente pateikiamas kompleksas priemoni\u0173 &#8211; nuo visuomen\u0117s po\u017ei\u016brio kaitos ir segregacijos ma\u017einimo darbo rinkoje iki vie\u0161\u0173j\u0173 paslaug\u0173 prieinamumo gerinimo, skaitmenin\u0117s atskirties ma\u017einimo ir inovatyvi\u0173 sprendim\u0173 \u0161eimos bei darbo derinimui. Si\u016blymai skirti prisid\u0117ti prie tvaresn\u0117s, lygesn\u0117s ir [&hellip;]<\/p>\n","protected":false},"author":2,"featured_media":0,"parent":1176,"menu_order":0,"comment_status":"closed","ping_status":"closed","template":"elementor_header_footer","meta":{"_acf_changed":false,"footnotes":""},"class_list":["post-1234","page","type-page","status-publish","hentry"],"acf":[],"_links":{"self":[{"href":"https:\/\/www.lmlo.lt\/kieno-pareiga\/wp-json\/wp\/v2\/pages\/1234","targetHints":{"allow":["GET"]}}],"collection":[{"href":"https:\/\/www.lmlo.lt\/kieno-pareiga\/wp-json\/wp\/v2\/pages"}],"about":[{"href":"https:\/\/www.lmlo.lt\/kieno-pareiga\/wp-json\/wp\/v2\/types\/page"}],"author":[{"embeddable":true,"href":"https:\/\/www.lmlo.lt\/kieno-pareiga\/wp-json\/wp\/v2\/users\/2"}],"replies":[{"embeddable":true,"href":"https:\/\/www.lmlo.lt\/kieno-pareiga\/wp-json\/wp\/v2\/comments?post=1234"}],"version-history":[{"count":4,"href":"https:\/\/www.lmlo.lt\/kieno-pareiga\/wp-json\/wp\/v2\/pages\/1234\/revisions"}],"predecessor-version":[{"id":1240,"href":"https:\/\/www.lmlo.lt\/kieno-pareiga\/wp-json\/wp\/v2\/pages\/1234\/revisions\/1240"}],"up":[{"embeddable":true,"href":"https:\/\/www.lmlo.lt\/kieno-pareiga\/wp-json\/wp\/v2\/pages\/1176"}],"wp:attachment":[{"href":"https:\/\/www.lmlo.lt\/kieno-pareiga\/wp-json\/wp\/v2\/media?parent=1234"}],"curies":[{"name":"wp","href":"https:\/\/api.w.org\/{rel}","templated":true}]}}