{"id":1244,"date":"2025-11-19T21:26:15","date_gmt":"2025-11-19T21:26:15","guid":{"rendered":"https:\/\/www.lmlo.lt\/kieno-pareiga\/?page_id=1244"},"modified":"2025-11-19T21:27:09","modified_gmt":"2025-11-19T21:27:09","slug":"rekomendacijos","status":"publish","type":"page","link":"https:\/\/www.lmlo.lt\/kieno-pareiga\/projekto-rezultatai\/rekomendacijos\/","title":{"rendered":"REKOMENDACIJOS"},"content":{"rendered":"\t\t<div data-elementor-type=\"wp-page\" data-elementor-id=\"1244\" class=\"elementor elementor-1244\" data-elementor-post-type=\"page\">\n\t\t\t\t<div class=\"elementor-element elementor-element-cfd0508 e-con-full e-flex e-con e-parent\" data-id=\"cfd0508\" data-element_type=\"container\" data-e-type=\"container\" data-settings=\"{&quot;background_background&quot;:&quot;classic&quot;}\">\n\t\t<div class=\"elementor-element elementor-element-9689e1b e-flex e-con-boxed e-con e-child\" data-id=\"9689e1b\" data-element_type=\"container\" data-e-type=\"container\" data-settings=\"{&quot;background_background&quot;:&quot;classic&quot;}\">\n\t\t\t\t\t<div class=\"e-con-inner\">\n\t\t<div class=\"elementor-element elementor-element-82c171b e-flex e-con-boxed e-con e-child\" data-id=\"82c171b\" data-element_type=\"container\" data-e-type=\"container\" data-settings=\"{&quot;background_background&quot;:&quot;classic&quot;}\">\n\t\t\t\t\t<div class=\"e-con-inner\">\n\t\t<div class=\"elementor-element elementor-element-07e5e42 e-con-full e-flex e-con e-child\" data-id=\"07e5e42\" data-element_type=\"container\" data-e-type=\"container\">\n\t\t\t\t<div class=\"elementor-element elementor-element-294f395 elementor-widget__width-initial elementor-widget elementor-widget-heading\" data-id=\"294f395\" data-element_type=\"widget\" data-e-type=\"widget\" data-widget_type=\"heading.default\">\n\t\t\t\t\t<h1 class=\"elementor-heading-title elementor-size-default\">REKOMENDACIJOS<\/h1>\t\t\t\t<\/div>\n\t\t\t\t<div class=\"elementor-element elementor-element-80d4355 elementor-widget elementor-widget-text-editor\" data-id=\"80d4355\" data-element_type=\"widget\" data-e-type=\"widget\" data-widget_type=\"text-editor.default\">\n\t\t\t\t\t\t\t\t\t<p><span data-sheets-root=\"1\">\u0160iose rekomendacijose pateikiamas kompleksinis po\u017ei\u016bris \u012f moter\u0173 neapmokamo prie\u017ei\u016bros darbo pripa\u017einim\u0105, ma\u017einim\u0105 ir teisingesn\u012f pasidalijim\u0105 visuomen\u0117je. Dokumente si\u016blomos priemon\u0117s apima politinius, teis\u0117s, \u0161vietimo, socialini\u0173 paslaug\u0173 ir darbo kult\u016bros poky\u010dius, kurie pad\u0117t\u0173 gerinti \u0161eim\u0173 gerov\u0119 ir stiprinti ly\u010di\u0173 lygyb\u0119. Rekomendacijos skirtos nacionalin\u0117s politikos formuotojams, savivaldyb\u0117ms, darbdaviams ir pilietinei visuomenei, siekiant ilgalaiki\u0173 sistemini\u0173 poky\u010di\u0173. Rekomendacijos parengtos 2024 m. \u012fgyvendinant projekt\u0105 &#8222;Moter\u0173 ir vyr\u0173 prie\u017ei\u016bros pareig\u0173 skirtumo ma\u017einimas&#8221;.<\/span><\/p>\t\t\t\t\t\t\t\t<\/div>\n\t\t\t\t<\/div>\n\t\t<div class=\"elementor-element elementor-element-5bba6de e-con-full elementor-hidden-mobile e-flex e-con e-child\" data-id=\"5bba6de\" data-element_type=\"container\" data-e-type=\"container\">\n\t\t\t\t<\/div>\n\t\t\t\t\t<\/div>\n\t\t\t\t<\/div>\n\t\t\t\t\t<\/div>\n\t\t\t\t<\/div>\n\t\t\t\t<\/div>\n\t\t<div class=\"elementor-element elementor-element-0a470c1 e-flex e-con-boxed e-con e-parent\" data-id=\"0a470c1\" data-element_type=\"container\" data-e-type=\"container\" data-settings=\"{&quot;background_background&quot;:&quot;classic&quot;}\">\n\t\t\t\t\t<div class=\"e-con-inner\">\n\t\t<div class=\"elementor-element elementor-element-1b75ad4 e-flex e-con-boxed e-con e-child\" data-id=\"1b75ad4\" data-element_type=\"container\" data-e-type=\"container\">\n\t\t\t\t\t<div class=\"e-con-inner\">\n\t\t<div class=\"elementor-element elementor-element-c30be3a e-con-full e-flex e-con e-child\" data-id=\"c30be3a\" data-element_type=\"container\" data-e-type=\"container\">\n\t\t\t\t<div class=\"elementor-element elementor-element-b2a7b37 elementor-widget elementor-widget-text-editor\" data-id=\"b2a7b37\" data-element_type=\"widget\" data-e-type=\"widget\" data-widget_type=\"text-editor.default\">\n\t\t\t\t\t\t\t\t\t<a href=\"https:\/\/www.lmlo.lt\/kieno-pareiga\/wp-content\/uploads\/2024\/12\/tyrimo-rekomendacijos.pdf\" class=\"pdfemb-viewer\" style=\"\" data-width=\"max\" data-height=\"max\" data-toolbar=\"bottom\" data-toolbar-fixed=\"off\">tyrimo-rekomendacijos<\/a>\t\t\t\t\t\t\t\t<\/div>\n\t\t\t\t<div class=\"elementor-element elementor-element-3404673 elementor-align-center elementor-widget elementor-widget-button\" data-id=\"3404673\" data-element_type=\"widget\" data-e-type=\"widget\" data-widget_type=\"button.default\">\n\t\t\t\t\t\t\t\t\t\t<a class=\"elementor-button elementor-button-link elementor-size-sm\" href=\"https:\/\/www.lmlo.lt\/kieno-pareiga\/wp-content\/uploads\/2024\/12\/tyrimo-rekomendacijos.pdf\" target=\"_blank\">\n\t\t\t\t\t\t<span class=\"elementor-button-content-wrapper\">\n\t\t\t\t\t\t\t\t\t<span class=\"elementor-button-text\">Atsisi\u0173sti<\/span>\n\t\t\t\t\t<\/span>\n\t\t\t\t\t<\/a>\n\t\t\t\t\t\t\t\t<\/div>\n\t\t\t\t<\/div>\n\t\t\t\t\t<\/div>\n\t\t\t\t<\/div>\n\t\t\t\t\t<\/div>\n\t\t\t\t<\/div>\n\t\t\t\t<\/div>\n\t\t","protected":false},"excerpt":{"rendered":"<p>\u0160iose rekomendacijose pateikiamas kompleksinis po\u017ei\u016bris \u012f moter\u0173 neapmokamo prie\u017ei\u016bros darbo pripa\u017einim\u0105, ma\u017einim\u0105 ir teisingesn\u012f pasidalijim\u0105 visuomen\u0117je. Dokumente si\u016blomos priemon\u0117s apima politinius, teis\u0117s, \u0161vietimo, socialini\u0173 paslaug\u0173 ir darbo kult\u016bros poky\u010dius, kurie pad\u0117t\u0173 gerinti \u0161eim\u0173 gerov\u0119 ir stiprinti ly\u010di\u0173 lygyb\u0119. Rekomendacijos skirtos nacionalin\u0117s politikos formuotojams, savivaldyb\u0117ms, darbdaviams ir pilietinei visuomenei, siekiant ilgalaiki\u0173 sistemini\u0173 poky\u010di\u0173. Rekomendacijos parengtos 2024 [&hellip;]<\/p>\n","protected":false},"author":2,"featured_media":0,"parent":1176,"menu_order":0,"comment_status":"closed","ping_status":"closed","template":"elementor_header_footer","meta":{"_acf_changed":false,"footnotes":""},"class_list":["post-1244","page","type-page","status-publish","hentry"],"acf":[],"_links":{"self":[{"href":"https:\/\/www.lmlo.lt\/kieno-pareiga\/wp-json\/wp\/v2\/pages\/1244","targetHints":{"allow":["GET"]}}],"collection":[{"href":"https:\/\/www.lmlo.lt\/kieno-pareiga\/wp-json\/wp\/v2\/pages"}],"about":[{"href":"https:\/\/www.lmlo.lt\/kieno-pareiga\/wp-json\/wp\/v2\/types\/page"}],"author":[{"embeddable":true,"href":"https:\/\/www.lmlo.lt\/kieno-pareiga\/wp-json\/wp\/v2\/users\/2"}],"replies":[{"embeddable":true,"href":"https:\/\/www.lmlo.lt\/kieno-pareiga\/wp-json\/wp\/v2\/comments?post=1244"}],"version-history":[{"count":4,"href":"https:\/\/www.lmlo.lt\/kieno-pareiga\/wp-json\/wp\/v2\/pages\/1244\/revisions"}],"predecessor-version":[{"id":1248,"href":"https:\/\/www.lmlo.lt\/kieno-pareiga\/wp-json\/wp\/v2\/pages\/1244\/revisions\/1248"}],"up":[{"embeddable":true,"href":"https:\/\/www.lmlo.lt\/kieno-pareiga\/wp-json\/wp\/v2\/pages\/1176"}],"wp:attachment":[{"href":"https:\/\/www.lmlo.lt\/kieno-pareiga\/wp-json\/wp\/v2\/media?parent=1244"}],"curies":[{"name":"wp","href":"https:\/\/api.w.org\/{rel}","templated":true}]}}