{"id":1249,"date":"2025-11-19T21:28:46","date_gmt":"2025-11-19T21:28:46","guid":{"rendered":"https:\/\/www.lmlo.lt\/kieno-pareiga\/?page_id=1249"},"modified":"2025-11-19T21:53:25","modified_gmt":"2025-11-19T21:53:25","slug":"tyrimas-visuomenes-nuostatos-apie-moteru-nemokama-prieziuros-darba-namuose","status":"publish","type":"page","link":"https:\/\/www.lmlo.lt\/kieno-pareiga\/projekto-rezultatai\/tyrimas-visuomenes-nuostatos-apie-moteru-nemokama-prieziuros-darba-namuose\/","title":{"rendered":"Tyrimas \u201eVisuomen\u0117s nuostatos apie moter\u0173 nemokam\u0105 prie\u017ei\u016bros darb\u0105 namuose\u201c"},"content":{"rendered":"\t\t<div data-elementor-type=\"wp-page\" data-elementor-id=\"1249\" class=\"elementor elementor-1249\" data-elementor-post-type=\"page\">\n\t\t\t\t<div class=\"elementor-element elementor-element-cfd0508 e-con-full e-flex e-con e-parent\" data-id=\"cfd0508\" data-element_type=\"container\" data-e-type=\"container\" data-settings=\"{&quot;background_background&quot;:&quot;classic&quot;}\">\n\t\t<div class=\"elementor-element elementor-element-9689e1b e-flex e-con-boxed e-con e-child\" data-id=\"9689e1b\" data-element_type=\"container\" data-e-type=\"container\" data-settings=\"{&quot;background_background&quot;:&quot;classic&quot;}\">\n\t\t\t\t\t<div class=\"e-con-inner\">\n\t\t<div class=\"elementor-element elementor-element-82c171b e-flex e-con-boxed e-con e-child\" data-id=\"82c171b\" data-element_type=\"container\" data-e-type=\"container\" data-settings=\"{&quot;background_background&quot;:&quot;classic&quot;}\">\n\t\t\t\t\t<div class=\"e-con-inner\">\n\t\t<div class=\"elementor-element elementor-element-07e5e42 e-con-full e-flex e-con e-child\" data-id=\"07e5e42\" data-element_type=\"container\" data-e-type=\"container\">\n\t\t\t\t<div class=\"elementor-element elementor-element-294f395 elementor-widget__width-initial elementor-widget elementor-widget-heading\" data-id=\"294f395\" data-element_type=\"widget\" data-e-type=\"widget\" data-widget_type=\"heading.default\">\n\t\t\t\t\t<h1 class=\"elementor-heading-title elementor-size-default\">Tyrimas \u201eVisuomen\u0117s nuostatos apie moter\u0173 nemokam\u0105 prie\u017ei\u016bros darb\u0105 namuose\u201c<\/h1>\t\t\t\t<\/div>\n\t\t\t\t<div class=\"elementor-element elementor-element-80d4355 elementor-widget elementor-widget-text-editor\" data-id=\"80d4355\" data-element_type=\"widget\" data-e-type=\"widget\" data-widget_type=\"text-editor.default\">\n\t\t\t\t\t\t\t\t\t<p><span data-sheets-root=\"1\">\u0160iame 2025 m. atliktame tyrime analizuojamos Lietuvos gyventoj\u0173 nuostatos apie moter\u0173 atliekam\u0105 neapmokam\u0105 prie\u017ei\u016bros darb\u0105 namuose, jo na\u0161t\u0105 ir pasidalijim\u0105 tarp ly\u010di\u0173. Reprezentatyvi apklausa atskleid\u017eia, kokios visuomen\u0117s grup\u0117s turi skirtingus po\u017ei\u016brius \u012f \u0161\u012f darb\u0105, su kokiais sunkumais susiduriama ir koki\u0173 paslaug\u0173 gyventojai pasigenda. Tyrimo \u012f\u017evalgos sudaro pagrind\u0105 kurti tikslingas rekomendacijas politikos formuotojams, institucijoms ir socialiniams partneriams. Tyrimas atliktas 2025 m. \u012fgyvendinant projekt\u0105 \u201e<\/span><span data-sheets-root=\"1\">Nemokamas prie\u017ei\u016bros darbas: kieno pareiga?\u201c<\/span><span data-sheets-root=\"1\">.<\/span><\/p>\t\t\t\t\t\t\t\t<\/div>\n\t\t\t\t<\/div>\n\t\t<div class=\"elementor-element elementor-element-5bba6de e-con-full elementor-hidden-mobile e-flex e-con e-child\" data-id=\"5bba6de\" data-element_type=\"container\" data-e-type=\"container\">\n\t\t\t\t<\/div>\n\t\t\t\t\t<\/div>\n\t\t\t\t<\/div>\n\t\t\t\t\t<\/div>\n\t\t\t\t<\/div>\n\t\t\t\t<\/div>\n\t\t<div class=\"elementor-element elementor-element-6049e91 e-flex e-con-boxed e-con e-parent\" data-id=\"6049e91\" data-element_type=\"container\" data-e-type=\"container\" data-settings=\"{&quot;background_background&quot;:&quot;classic&quot;}\">\n\t\t\t\t\t<div class=\"e-con-inner\">\n\t\t<div class=\"elementor-element elementor-element-5864b8c e-flex e-con-boxed e-con e-child\" data-id=\"5864b8c\" data-element_type=\"container\" data-e-type=\"container\">\n\t\t\t\t\t<div class=\"e-con-inner\">\n\t\t<div class=\"elementor-element elementor-element-b47be51 e-con-full e-flex e-con e-child\" data-id=\"b47be51\" data-element_type=\"container\" data-e-type=\"container\">\n\t\t\t\t<div class=\"elementor-element elementor-element-f11e652 elementor-widget elementor-widget-image\" data-id=\"f11e652\" data-element_type=\"widget\" data-e-type=\"widget\" data-widget_type=\"image.default\">\n\t\t\t\t\t\t\t\t\t\t\t\t\t\t\t<img decoding=\"async\" width=\"724\" height=\"1536\" src=\"https:\/\/www.lmlo.lt\/kieno-pareiga\/wp-content\/uploads\/2025\/10\/MVLG-_Infografikas-Kieno-pareiga-1-Tyrimas-724x1536.png\" class=\"attachment-1536x1536 size-1536x1536 wp-image-1144\" alt=\"\" srcset=\"https:\/\/www.lmlo.lt\/kieno-pareiga\/wp-content\/uploads\/2025\/10\/MVLG-_Infografikas-Kieno-pareiga-1-Tyrimas-724x1536.png 724w, https:\/\/www.lmlo.lt\/kieno-pareiga\/wp-content\/uploads\/2025\/10\/MVLG-_Infografikas-Kieno-pareiga-1-Tyrimas-141x300.png 141w, https:\/\/www.lmlo.lt\/kieno-pareiga\/wp-content\/uploads\/2025\/10\/MVLG-_Infografikas-Kieno-pareiga-1-Tyrimas-483x1024.png 483w, https:\/\/www.lmlo.lt\/kieno-pareiga\/wp-content\/uploads\/2025\/10\/MVLG-_Infografikas-Kieno-pareiga-1-Tyrimas-768x1629.png 768w, https:\/\/www.lmlo.lt\/kieno-pareiga\/wp-content\/uploads\/2025\/10\/MVLG-_Infografikas-Kieno-pareiga-1-Tyrimas.png 943w\" sizes=\"(max-width: 724px) 100vw, 724px\" \/>\t\t\t\t\t\t\t\t\t\t\t\t\t\t\t<\/div>\n\t\t\t\t<div class=\"elementor-element elementor-element-ff05873 elementor-align-center elementor-widget elementor-widget-button\" data-id=\"ff05873\" data-element_type=\"widget\" data-e-type=\"widget\" data-widget_type=\"button.default\">\n\t\t\t\t\t\t\t\t\t\t<a class=\"elementor-button elementor-button-link elementor-size-sm\" href=\"https:\/\/www.lmlo.lt\/kieno-pareiga\/wp-content\/uploads\/2025\/10\/MVLG-_Infografikas-Kieno-pareiga-1-Tyrimas.pdf\" target=\"_blank\">\n\t\t\t\t\t\t<span class=\"elementor-button-content-wrapper\">\n\t\t\t\t\t\t\t\t\t<span class=\"elementor-button-text\">Atsisi\u0173sti<\/span>\n\t\t\t\t\t<\/span>\n\t\t\t\t\t<\/a>\n\t\t\t\t\t\t\t\t<\/div>\n\t\t\t\t<\/div>\n\t\t\t\t\t<\/div>\n\t\t\t\t<\/div>\n\t\t\t\t\t<\/div>\n\t\t\t\t<\/div>\n\t\t<div class=\"elementor-element elementor-element-0a470c1 e-flex e-con-boxed e-con e-parent\" data-id=\"0a470c1\" data-element_type=\"container\" data-e-type=\"container\" data-settings=\"{&quot;background_background&quot;:&quot;classic&quot;}\">\n\t\t\t\t\t<div class=\"e-con-inner\">\n\t\t<div class=\"elementor-element elementor-element-1b75ad4 e-flex e-con-boxed e-con e-child\" data-id=\"1b75ad4\" data-element_type=\"container\" data-e-type=\"container\">\n\t\t\t\t\t<div class=\"e-con-inner\">\n\t\t<div class=\"elementor-element elementor-element-c30be3a e-con-full e-flex e-con e-child\" data-id=\"c30be3a\" data-element_type=\"container\" data-e-type=\"container\">\n\t\t\t\t<div class=\"elementor-element elementor-element-99fe11b elementor-widget elementor-widget-text-editor\" data-id=\"99fe11b\" data-element_type=\"widget\" data-e-type=\"widget\" data-widget_type=\"text-editor.default\">\n\t\t\t\t\t\t\t\t\t<a href=\"https:\/\/www.lmlo.lt\/kieno-pareiga\/wp-content\/uploads\/2025\/10\/Tyrimo-1-SANTRAUKA_-2025-10.pdf\" class=\"pdfemb-viewer\" style=\"\" data-width=\"max\" data-height=\"max\" data-toolbar=\"bottom\" data-toolbar-fixed=\"off\">Tyrimo-1-SANTRAUKA_-2025-10<\/a>\t\t\t\t\t\t\t\t<\/div>\n\t\t\t\t<div class=\"elementor-element elementor-element-b9b22f3 elementor-align-center elementor-widget elementor-widget-button\" data-id=\"b9b22f3\" data-element_type=\"widget\" data-e-type=\"widget\" data-widget_type=\"button.default\">\n\t\t\t\t\t\t\t\t\t\t<a class=\"elementor-button elementor-button-link elementor-size-sm\" href=\"https:\/\/www.lmlo.lt\/kieno-pareiga\/wp-content\/uploads\/2025\/10\/Tyrimo-1-SANTRAUKA_-2025-10.pdf\" target=\"_blank\">\n\t\t\t\t\t\t<span class=\"elementor-button-content-wrapper\">\n\t\t\t\t\t\t\t\t\t<span class=\"elementor-button-text\">Atsisi\u0173sti<\/span>\n\t\t\t\t\t<\/span>\n\t\t\t\t\t<\/a>\n\t\t\t\t\t\t\t\t<\/div>\n\t\t\t\t<\/div>\n\t\t\t\t\t<\/div>\n\t\t\t\t<\/div>\n\t\t\t\t\t<\/div>\n\t\t\t\t<\/div>\n\t\t<div class=\"elementor-element elementor-element-5f0e42a e-flex e-con-boxed e-con e-parent\" data-id=\"5f0e42a\" data-element_type=\"container\" data-e-type=\"container\" data-settings=\"{&quot;background_background&quot;:&quot;classic&quot;}\">\n\t\t\t\t\t<div class=\"e-con-inner\">\n\t\t<div class=\"elementor-element elementor-element-228fd0e e-flex e-con-boxed e-con e-child\" data-id=\"228fd0e\" data-element_type=\"container\" data-e-type=\"container\">\n\t\t\t\t\t<div class=\"e-con-inner\">\n\t\t<div class=\"elementor-element elementor-element-6e04ac2 e-con-full e-flex e-con e-child\" data-id=\"6e04ac2\" data-element_type=\"container\" data-e-type=\"container\">\n\t\t\t\t<div class=\"elementor-element elementor-element-47db2c1 elementor-widget elementor-widget-text-editor\" data-id=\"47db2c1\" data-element_type=\"widget\" data-e-type=\"widget\" data-widget_type=\"text-editor.default\">\n\t\t\t\t\t\t\t\t\t<a href=\"https:\/\/www.lmlo.lt\/kieno-pareiga\/wp-content\/uploads\/2025\/11\/2025-tyrimo-aprasymas-10102025.pdf\" class=\"pdfemb-viewer\" style=\"\" data-width=\"max\" data-height=\"max\" data-toolbar=\"bottom\" data-toolbar-fixed=\"off\">2025-tyrimo-aprasymas-10102025<\/a>\t\t\t\t\t\t\t\t<\/div>\n\t\t\t\t<div class=\"elementor-element elementor-element-6c3cb48 elementor-align-center elementor-widget elementor-widget-button\" data-id=\"6c3cb48\" data-element_type=\"widget\" data-e-type=\"widget\" data-widget_type=\"button.default\">\n\t\t\t\t\t\t\t\t\t\t<a class=\"elementor-button elementor-button-link elementor-size-sm\" href=\"https:\/\/www.lmlo.lt\/kieno-pareiga\/wp-content\/uploads\/2025\/11\/2025-tyrimo-aprasymas-10102025.pdf\" target=\"_blank\">\n\t\t\t\t\t\t<span class=\"elementor-button-content-wrapper\">\n\t\t\t\t\t\t\t\t\t<span class=\"elementor-button-text\">Atsisi\u0173sti<\/span>\n\t\t\t\t\t<\/span>\n\t\t\t\t\t<\/a>\n\t\t\t\t\t\t\t\t<\/div>\n\t\t\t\t<\/div>\n\t\t\t\t\t<\/div>\n\t\t\t\t<\/div>\n\t\t\t\t\t<\/div>\n\t\t\t\t<\/div>\n\t\t<div class=\"elementor-element elementor-element-c99cf26 e-flex e-con-boxed e-con e-parent\" data-id=\"c99cf26\" data-element_type=\"container\" data-e-type=\"container\" data-settings=\"{&quot;background_background&quot;:&quot;classic&quot;}\">\n\t\t\t\t\t<div class=\"e-con-inner\">\n\t\t<div class=\"elementor-element elementor-element-44190ff e-flex e-con-boxed e-con e-child\" data-id=\"44190ff\" data-element_type=\"container\" data-e-type=\"container\">\n\t\t\t\t\t<div class=\"e-con-inner\">\n\t\t<div class=\"elementor-element elementor-element-80e8d61 e-con-full e-flex e-con e-child\" data-id=\"80e8d61\" data-element_type=\"container\" data-e-type=\"container\">\n\t\t\t\t<div class=\"elementor-element elementor-element-6b80a75 elementor-widget elementor-widget-text-editor\" data-id=\"6b80a75\" data-element_type=\"widget\" data-e-type=\"widget\" data-widget_type=\"text-editor.default\">\n\t\t\t\t\t\t\t\t\t<a href=\"https:\/\/www.lmlo.lt\/kieno-pareiga\/wp-content\/uploads\/2025\/11\/2025-tyrimo-aprasymas-priedai.pdf\" class=\"pdfemb-viewer\" style=\"\" data-width=\"max\" data-height=\"max\" data-toolbar=\"bottom\" data-toolbar-fixed=\"off\">2025-tyrimo-aprasymas-priedai<\/a>\t\t\t\t\t\t\t\t<\/div>\n\t\t\t\t<div class=\"elementor-element elementor-element-6813db0 elementor-align-center elementor-widget elementor-widget-button\" data-id=\"6813db0\" data-element_type=\"widget\" data-e-type=\"widget\" data-widget_type=\"button.default\">\n\t\t\t\t\t\t\t\t\t\t<a class=\"elementor-button elementor-button-link elementor-size-sm\" href=\"https:\/\/www.lmlo.lt\/kieno-pareiga\/wp-content\/uploads\/2025\/11\/2025-tyrimo-aprasymas-priedai.pdf\" target=\"_blank\">\n\t\t\t\t\t\t<span class=\"elementor-button-content-wrapper\">\n\t\t\t\t\t\t\t\t\t<span class=\"elementor-button-text\">Atsisi\u0173sti<\/span>\n\t\t\t\t\t<\/span>\n\t\t\t\t\t<\/a>\n\t\t\t\t\t\t\t\t<\/div>\n\t\t\t\t<\/div>\n\t\t\t\t\t<\/div>\n\t\t\t\t<\/div>\n\t\t\t\t\t<\/div>\n\t\t\t\t<\/div>\n\t\t\t\t<\/div>\n\t\t","protected":false},"excerpt":{"rendered":"<p>\u0160iame 2025 m. atliktame tyrime analizuojamos Lietuvos gyventoj\u0173 nuostatos apie moter\u0173 atliekam\u0105 neapmokam\u0105 prie\u017ei\u016bros darb\u0105 namuose, jo na\u0161t\u0105 ir pasidalijim\u0105 tarp ly\u010di\u0173. Reprezentatyvi apklausa atskleid\u017eia, kokios visuomen\u0117s grup\u0117s turi skirtingus po\u017ei\u016brius \u012f \u0161\u012f darb\u0105, su kokiais sunkumais susiduriama ir koki\u0173 paslaug\u0173 gyventojai pasigenda. Tyrimo \u012f\u017evalgos sudaro pagrind\u0105 kurti tikslingas rekomendacijas politikos formuotojams, institucijoms ir socialiniams [&hellip;]<\/p>\n","protected":false},"author":2,"featured_media":0,"parent":1176,"menu_order":0,"comment_status":"closed","ping_status":"closed","template":"elementor_header_footer","meta":{"_acf_changed":false,"footnotes":""},"class_list":["post-1249","page","type-page","status-publish","hentry"],"acf":[],"_links":{"self":[{"href":"https:\/\/www.lmlo.lt\/kieno-pareiga\/wp-json\/wp\/v2\/pages\/1249","targetHints":{"allow":["GET"]}}],"collection":[{"href":"https:\/\/www.lmlo.lt\/kieno-pareiga\/wp-json\/wp\/v2\/pages"}],"about":[{"href":"https:\/\/www.lmlo.lt\/kieno-pareiga\/wp-json\/wp\/v2\/types\/page"}],"author":[{"embeddable":true,"href":"https:\/\/www.lmlo.lt\/kieno-pareiga\/wp-json\/wp\/v2\/users\/2"}],"replies":[{"embeddable":true,"href":"https:\/\/www.lmlo.lt\/kieno-pareiga\/wp-json\/wp\/v2\/comments?post=1249"}],"version-history":[{"count":17,"href":"https:\/\/www.lmlo.lt\/kieno-pareiga\/wp-json\/wp\/v2\/pages\/1249\/revisions"}],"predecessor-version":[{"id":1276,"href":"https:\/\/www.lmlo.lt\/kieno-pareiga\/wp-json\/wp\/v2\/pages\/1249\/revisions\/1276"}],"up":[{"embeddable":true,"href":"https:\/\/www.lmlo.lt\/kieno-pareiga\/wp-json\/wp\/v2\/pages\/1176"}],"wp:attachment":[{"href":"https:\/\/www.lmlo.lt\/kieno-pareiga\/wp-json\/wp\/v2\/media?parent=1249"}],"curies":[{"name":"wp","href":"https:\/\/api.w.org\/{rel}","templated":true}]}}