{"id":1291,"date":"2025-11-19T22:04:27","date_gmt":"2025-11-19T22:04:27","guid":{"rendered":"https:\/\/www.lmlo.lt\/kieno-pareiga\/?page_id=1291"},"modified":"2025-12-29T11:15:58","modified_gmt":"2025-12-29T11:15:58","slug":"priemones-moteru-neapmokamo-prieziuros-darbo-kruvio-mazinimui","status":"publish","type":"page","link":"https:\/\/www.lmlo.lt\/kieno-pareiga\/projekto-rezultatai\/priemones-moteru-neapmokamo-prieziuros-darbo-kruvio-mazinimui\/","title":{"rendered":"Priemon\u0117s  moter\u0173 neapmokamo prie\u017ei\u016bros darbo kr\u016bvio ma\u017einimui"},"content":{"rendered":"\t\t<div data-elementor-type=\"wp-page\" data-elementor-id=\"1291\" class=\"elementor elementor-1291\" data-elementor-post-type=\"page\">\n\t\t\t\t<div class=\"elementor-element elementor-element-cfd0508 e-con-full e-flex e-con e-parent\" data-id=\"cfd0508\" data-element_type=\"container\" data-e-type=\"container\" data-settings=\"{&quot;background_background&quot;:&quot;classic&quot;}\">\n\t\t<div class=\"elementor-element elementor-element-9689e1b e-flex e-con-boxed e-con e-child\" data-id=\"9689e1b\" data-element_type=\"container\" data-e-type=\"container\" data-settings=\"{&quot;background_background&quot;:&quot;classic&quot;}\">\n\t\t\t\t\t<div class=\"e-con-inner\">\n\t\t<div class=\"elementor-element elementor-element-82c171b e-flex e-con-boxed e-con e-child\" data-id=\"82c171b\" data-element_type=\"container\" data-e-type=\"container\" data-settings=\"{&quot;background_background&quot;:&quot;classic&quot;}\">\n\t\t\t\t\t<div class=\"e-con-inner\">\n\t\t<div class=\"elementor-element elementor-element-07e5e42 e-con-full e-flex e-con e-child\" data-id=\"07e5e42\" data-element_type=\"container\" data-e-type=\"container\">\n\t\t\t\t<div class=\"elementor-element elementor-element-294f395 elementor-widget__width-initial elementor-widget elementor-widget-heading\" data-id=\"294f395\" data-element_type=\"widget\" data-e-type=\"widget\" data-widget_type=\"heading.default\">\n\t\t\t\t\t<h1 class=\"elementor-heading-title elementor-size-default\">Priemon\u0117s  moter\u0173 neapmokamo prie\u017ei\u016bros darbo kr\u016bvio ma\u017einimui<\/h1>\t\t\t\t<\/div>\n\t\t\t\t<div class=\"elementor-element elementor-element-80d4355 elementor-widget elementor-widget-text-editor\" data-id=\"80d4355\" data-element_type=\"widget\" data-e-type=\"widget\" data-widget_type=\"text-editor.default\">\n\t\t\t\t\t\t\t\t\t<p>\u0160iame dokumente pateikiamas priemoni\u0173 rinkinys, skirtas ma\u017einti moter\u0173 neapmokamo prie\u017ei\u016bros darbo kr\u016bv\u012f ir gerinti \u0161eim\u0173 gyvenimo kokyb\u0119. Priemon\u0117s parengtos remiantis 2024 m. atliktais kokybiniais ir kiekybiniais tyrimais bei ES \u0161ali\u0173 gerosiomis praktikomis, apiman\u010diomis teisin\u0117s aplinkos tobulinim\u0105, vie\u0161\u0173j\u0173 paslaug\u0173 prieinamumo gerinim\u0105 ir ly\u010di\u0173 stereotip\u0173 ma\u017einim\u0105. Si\u016blymai sudaro pagrind\u0105 sisteminiams poky\u010diams, padedantiems siekti lygesnio prie\u017ei\u016bros darb\u0173 pasiskirstymo ir efektyvesn\u0117s pagalbos \u0161eimoms. Priemoni\u0173 rimkinys parengtas 2025 m. \u012fgyvendinant projekt\u0105 \u201eNemokamas prie\u017ei\u016bros darbas: kieno pareiga?\u201c\u00a0.\u00a0<\/p>\t\t\t\t\t\t\t\t<\/div>\n\t\t\t\t<\/div>\n\t\t<div class=\"elementor-element elementor-element-5bba6de e-con-full elementor-hidden-mobile e-flex e-con e-child\" data-id=\"5bba6de\" data-element_type=\"container\" data-e-type=\"container\">\n\t\t\t\t<\/div>\n\t\t\t\t\t<\/div>\n\t\t\t\t<\/div>\n\t\t\t\t\t<\/div>\n\t\t\t\t<\/div>\n\t\t\t\t<\/div>\n\t\t<div class=\"elementor-element elementor-element-0a470c1 e-flex e-con-boxed e-con e-parent\" data-id=\"0a470c1\" data-element_type=\"container\" data-e-type=\"container\" data-settings=\"{&quot;background_background&quot;:&quot;classic&quot;}\">\n\t\t\t\t\t<div class=\"e-con-inner\">\n\t\t<div class=\"elementor-element elementor-element-1b75ad4 e-flex e-con-boxed e-con e-child\" data-id=\"1b75ad4\" data-element_type=\"container\" data-e-type=\"container\">\n\t\t\t\t\t<div class=\"e-con-inner\">\n\t\t<div class=\"elementor-element elementor-element-c30be3a e-con-full e-flex e-con e-child\" data-id=\"c30be3a\" data-element_type=\"container\" data-e-type=\"container\">\n\t\t\t\t<div class=\"elementor-element elementor-element-99fe11b elementor-widget elementor-widget-text-editor\" data-id=\"99fe11b\" data-element_type=\"widget\" data-e-type=\"widget\" data-widget_type=\"text-editor.default\">\n\t\t\t\t\t\t\t\t\t<a href=\"https:\/\/www.lmlo.lt\/kieno-pareiga\/wp-content\/uploads\/2025\/12\/LMLO-Priemones-moteru-neapmokamo-prieziuros-darbo-mazinimo.pdf\" class=\"pdfemb-viewer\" style=\"\" data-width=\"max\" data-height=\"max\" data-toolbar=\"bottom\" data-toolbar-fixed=\"off\">LMLO-Priemones-moteru-neapmokamo-prieziuros-darbo-mazinimo<\/a>\t\t\t\t\t\t\t\t<\/div>\n\t\t\t\t<div class=\"elementor-element elementor-element-b9b22f3 elementor-align-center elementor-widget elementor-widget-button\" data-id=\"b9b22f3\" data-element_type=\"widget\" data-e-type=\"widget\" data-widget_type=\"button.default\">\n\t\t\t\t\t\t\t\t\t\t<a class=\"elementor-button elementor-button-link elementor-size-sm\" href=\"https:\/\/www.lmlo.lt\/kieno-pareiga\/wp-content\/uploads\/2025\/12\/LMLO-Priemones-moteru-neapmokamo-prieziuros-darbo-mazinimo.pdf\" target=\"_blank\">\n\t\t\t\t\t\t<span class=\"elementor-button-content-wrapper\">\n\t\t\t\t\t\t\t\t\t<span class=\"elementor-button-text\">Atsisi\u0173sti<\/span>\n\t\t\t\t\t<\/span>\n\t\t\t\t\t<\/a>\n\t\t\t\t\t\t\t\t<\/div>\n\t\t\t\t<\/div>\n\t\t\t\t\t<\/div>\n\t\t\t\t<\/div>\n\t\t\t\t\t<\/div>\n\t\t\t\t<\/div>\n\t\t\t\t<\/div>\n\t\t","protected":false},"excerpt":{"rendered":"<p>\u0160iame dokumente pateikiamas priemoni\u0173 rinkinys, skirtas ma\u017einti moter\u0173 neapmokamo prie\u017ei\u016bros darbo kr\u016bv\u012f ir gerinti \u0161eim\u0173 gyvenimo kokyb\u0119. Priemon\u0117s parengtos remiantis 2024 m. atliktais kokybiniais ir kiekybiniais tyrimais bei ES \u0161ali\u0173 gerosiomis praktikomis, apiman\u010diomis teisin\u0117s aplinkos tobulinim\u0105, vie\u0161\u0173j\u0173 paslaug\u0173 prieinamumo gerinim\u0105 ir ly\u010di\u0173 stereotip\u0173 ma\u017einim\u0105. Si\u016blymai sudaro pagrind\u0105 sisteminiams poky\u010diams, padedantiems siekti lygesnio prie\u017ei\u016bros darb\u0173 pasiskirstymo [&hellip;]<\/p>\n","protected":false},"author":2,"featured_media":0,"parent":1176,"menu_order":0,"comment_status":"closed","ping_status":"closed","template":"elementor_header_footer","meta":{"_acf_changed":false,"footnotes":""},"class_list":["post-1291","page","type-page","status-publish","hentry"],"acf":[],"_links":{"self":[{"href":"https:\/\/www.lmlo.lt\/kieno-pareiga\/wp-json\/wp\/v2\/pages\/1291","targetHints":{"allow":["GET"]}}],"collection":[{"href":"https:\/\/www.lmlo.lt\/kieno-pareiga\/wp-json\/wp\/v2\/pages"}],"about":[{"href":"https:\/\/www.lmlo.lt\/kieno-pareiga\/wp-json\/wp\/v2\/types\/page"}],"author":[{"embeddable":true,"href":"https:\/\/www.lmlo.lt\/kieno-pareiga\/wp-json\/wp\/v2\/users\/2"}],"replies":[{"embeddable":true,"href":"https:\/\/www.lmlo.lt\/kieno-pareiga\/wp-json\/wp\/v2\/comments?post=1291"}],"version-history":[{"count":10,"href":"https:\/\/www.lmlo.lt\/kieno-pareiga\/wp-json\/wp\/v2\/pages\/1291\/revisions"}],"predecessor-version":[{"id":1381,"href":"https:\/\/www.lmlo.lt\/kieno-pareiga\/wp-json\/wp\/v2\/pages\/1291\/revisions\/1381"}],"up":[{"embeddable":true,"href":"https:\/\/www.lmlo.lt\/kieno-pareiga\/wp-json\/wp\/v2\/pages\/1176"}],"wp:attachment":[{"href":"https:\/\/www.lmlo.lt\/kieno-pareiga\/wp-json\/wp\/v2\/media?parent=1291"}],"curies":[{"name":"wp","href":"https:\/\/api.w.org\/{rel}","templated":true}]}}